{"id":2752,"date":"2016-08-12T08:39:59","date_gmt":"2016-08-12T08:39:59","guid":{"rendered":"http:\/\/affinity.mikado-themes.com\/?page_id=2752"},"modified":"2024-08-17T15:39:57","modified_gmt":"2024-08-17T12:39:57","slug":"team-shortcode","status":"publish","type":"page","link":"https:\/\/callisto.gen.tr\/index.php\/team-shortcode\/","title":{"rendered":"Biz Kimiz?"},"content":{"rendered":"<p>[vc_row css=&#8221;.vc_custom_1497521182006{dolgu-\u00fcst: 35px !\u00f6nemli;dolgu-alt: 84px !\u00f6nemli;}&#8221;][vc_column width=&#8221;1\/2&#8243;]<div class=\"edgt-elements-holder edgt-responsive-mode-768\" ><div class=\"edgt-elements-holder-item edgt-width-1-1 edgt-vertical-alignment-middle edgt-horizontal-alignment-right\" data-item-class=\"edgt-elements-holder-custom-950255\" data-1024-1280=\"20px 25% 100px 25%\" data-768-1024=\"20px 20% 143px 20%\" data-600-768=\"20px 15% 143px 15%\" data-480-600=\"20px 6% 143px 6%\" data-480=\"20px 6% 143px 6%\" >\n\t<div class=\"edgt-elements-holder-item-inner\">\n\t\t<div\n\t\t\tclass=\"edgt-elements-holder-item-content edgt-elements-holder-custom-950255\" style=\"padding: 20px 33% 143px 33%\">\n\t\t\t<div class=\"edgt-elements-holder-item-content-inner\">\n\t\t\t\t[vc_column_text]<\/p>\n<h3 style=\"text-align: center;\"><span style=\"color: #ffffff;\">Jada<br \/>\nSenarist<\/span><\/h3>\n<p>[\/vc_column_text][vc_empty_space height=&#8221;2px&#8221;][vc_single_image image=&#8221;15548&#8243; alignment=&#8221;center&#8221; style=&#8221;vc_box_shadow_3d&#8221;][vc_empty_space height=&#8221;52px&#8221;]\n<div class=\"edgt-team\">\n\t<div class=\"edgt-team-inner\">\n\t\t\t\t\t<div class=\"edgt-team-image\">\n\t\t\t\t<img decoding=\"async\" src=\"https:\/\/callisto.gen.tr\/wp-content\/uploads\/2022\/04\/asjada.png\" alt=\"Team image\"\/>\n\t\t\t<\/div>\n\t\t\n\t\t\t\t\t<div class=\"edgt-team-info\">\n\t\t\t\t\n\t\t\t\t\t\t\t\t\t<div class=\"edgt-team-text\">\n\t\t\t\t\t\t<div class=\"edgt-team-text-inner\">\n\t\t\t\t\t\t\t<div class=\"edgt-team-description\">\n\t\t\t\t\t\t\t\t<p>Callisto Mark sunucusu sahibidir. 20 y\u0131l\u0131 a\u015fk\u0131n s\u00fcredir kod yazma becerisiyle ve y\u00fcksek ba\u015far\u0131 sa\u011flam\u0131\u015f sunucular\u0131n yap\u0131m\u0131nda rol alm\u0131\u015f bir oyun senaristidir.<\/p>\n\t\t\t\t\t\t\t<\/div>\n\t\t\t\t\t\t<\/div>\n\t\t\t\t\t<\/div>\n\t\t\t\t\t\t\t\t<div class=\"edgt-team-social-holder-between\">\n\t\t\t\t\t<div class=\"edgt-team-social\">\n\t\t\t\t\t\t<div class=\"edgt-team-social-inner\">\n\t\t\t\t\t\t\t<div class=\"edgt-team-social-wrapp\">\n\n\t\t\t\t\t\t\t\t\n\t\t\t\t\t\t\t<\/div>\n\t\t\t\t\t\t<\/div>\n\t\t\t\t\t<\/div>\n\t\t\t\t<\/div>\n\t\t\t<\/div>\n\t\t\t<\/div>\n<\/div>\t\t\t<\/div>\n\t\t<\/div>\n\t<\/div>\n<\/div><\/div>[\/vc_column][vc_column width=&#8221;1\/2&#8243;]<div class=\"edgt-elements-holder edgt-responsive-mode-768\" ><div class=\"edgt-elements-holder-item edgt-width-1-1 edgt-vertical-alignment-middle edgt-horizontal-alignment-right\" data-item-class=\"edgt-elements-holder-custom-367143\" data-1024-1280=\"20px 25% 100px 25%\" data-768-1024=\"20px 20% 143px 20%\" data-600-768=\"20px 15% 143px 15%\" data-480-600=\"20px 6% 143px 6%\" data-480=\"20px 6% 143px 6%\" >\n\t<div class=\"edgt-elements-holder-item-inner\">\n\t\t<div\n\t\t\tclass=\"edgt-elements-holder-item-content edgt-elements-holder-custom-367143\" style=\"padding: 20px 33% 143px 33%\">\n\t\t\t<div class=\"edgt-elements-holder-item-content-inner\">\n\t\t\t\t[vc_column_text]<\/p>\n<h3 style=\"text-align: center;\"><span style=\"color: #ffffff;\">VOR<br \/>\nGame Edit\u00f6r<\/span><\/h3>\n<p>[\/vc_column_text][vc_empty_space height=&#8221;2px&#8221;][vc_single_image image=&#8221;15548&#8243; alignment=&#8221;center&#8221; style=&#8221;vc_box_shadow_3d&#8221;][vc_empty_space height=&#8221;52px&#8221;]\n<div class=\"edgt-team\">\n\t<div class=\"edgt-team-inner\">\n\t\t\t\t\t<div class=\"edgt-team-image\">\n\t\t\t\t<img decoding=\"async\" src=\"https:\/\/callisto.gen.tr\/wp-content\/uploads\/2022\/04\/asvor.png\" alt=\"Team image\"\/>\n\t\t\t<\/div>\n\t\t\n\t\t\t\t\t<div class=\"edgt-team-info\">\n\t\t\t\t\n\t\t\t\t\t\t\t\t\t<div class=\"edgt-team-text\">\n\t\t\t\t\t\t<div class=\"edgt-team-text-inner\">\n\t\t\t\t\t\t\t<div class=\"edgt-team-description\">\n\t\t\t\t\t\t\t\t<p>Callisto Mark&#039;\u0131n Oyun Edit\u00f6r\u00fc. 15 y\u0131ldan fazla olan Ultima-Online oyunculuk tecr\u00fcbesini oyuna yans\u0131tarak, sunucunun ihtiyac\u0131 olan ve olabilecek b\u00fct\u00fcn konular hakk\u0131nda d\u00fczenlemeler yapar.<\/p>\n\t\t\t\t\t\t\t<\/div>\n\t\t\t\t\t\t<\/div>\n\t\t\t\t\t<\/div>\n\t\t\t\t\t\t\t\t<div class=\"edgt-team-social-holder-between\">\n\t\t\t\t\t<div class=\"edgt-team-social\">\n\t\t\t\t\t\t<div class=\"edgt-team-social-inner\">\n\t\t\t\t\t\t\t<div class=\"edgt-team-social-wrapp\">\n\n\t\t\t\t\t\t\t\t\n\t\t\t\t\t\t\t<\/div>\n\t\t\t\t\t\t<\/div>\n\t\t\t\t\t<\/div>\n\t\t\t\t<\/div>\n\t\t\t<\/div>\n\t\t\t<\/div>\n<\/div>\t\t\t<\/div>\n\t\t<\/div>\n\t<\/div>\n<\/div><\/div>[\/vc_column][\/vc_row]<\/p>\n","protected":false},"excerpt":{"rendered":"<p>[vc_row css=&#8221;.vc_custom_1497521182006{dolgu-\u00fcst: 35px !\u00f6nemli;dolgu-alt: 84px !\u00f6nemli;}&#8221;][vc_column width=&#8221;1\/2&#8243;][\/vc_column][vc_column width=&#8221;1\/2&#8243;][\/vc_column][\/vc_row]<\/p>\n","protected":false},"author":1,"featured_media":0,"parent":0,"menu_order":0,"comment_status":"closed","ping_status":"closed","template":"","meta":{"footnotes":""},"class_list":["post-2752","page","type-page","status-publish","hentry"],"aioseo_notices":[],"_links":{"self":[{"href":"https:\/\/callisto.gen.tr\/index.php\/wp-json\/wp\/v2\/pages\/2752","targetHints":{"allow":["GET"]}}],"collection":[{"href":"https:\/\/callisto.gen.tr\/index.php\/wp-json\/wp\/v2\/pages"}],"about":[{"href":"https:\/\/callisto.gen.tr\/index.php\/wp-json\/wp\/v2\/types\/page"}],"author":[{"embeddable":true,"href":"https:\/\/callisto.gen.tr\/index.php\/wp-json\/wp\/v2\/users\/1"}],"replies":[{"embeddable":true,"href":"https:\/\/callisto.gen.tr\/index.php\/wp-json\/wp\/v2\/comments?post=2752"}],"version-history":[{"count":51,"href":"https:\/\/callisto.gen.tr\/index.php\/wp-json\/wp\/v2\/pages\/2752\/revisions"}],"predecessor-version":[{"id":16471,"href":"https:\/\/callisto.gen.tr\/index.php\/wp-json\/wp\/v2\/pages\/2752\/revisions\/16471"}],"wp:attachment":[{"href":"https:\/\/callisto.gen.tr\/index.php\/wp-json\/wp\/v2\/media?parent=2752"}],"curies":[{"name":"wp","href":"https:\/\/api.w.org\/{rel}","templated":true}]}}