{"id":15950,"date":"2017-06-06T09:32:00","date_gmt":"2017-06-06T09:32:00","guid":{"rendered":"http:\/\/eldritch.edge-themes.com\/my-account\/"},"modified":"2022-08-23T21:21:30","modified_gmt":"2022-08-23T18:21:30","slug":"indiroyna","status":"publish","type":"page","link":"https:\/\/callisto.gen.tr\/index.php\/indiroyna\/","title":{"rendered":"\u0130ndir-Oyna"},"content":{"rendered":"<p>[vc_row css=&#8221;.vc_custom_1499678766934{padding-top: 132px !important;}&#8221;][vc_column width=&#8221;1\/4&#8243;]<div class=\"edgt-elements-holder edgt-responsive-mode-768\" ><div class=\"edgt-elements-holder-item edgt-width-1-1 edgt-vertical-alignment-middle edgt-horizontal-alignment-center\" data-item-class=\"edgt-elements-holder-custom-647299\" >\n\t<div class=\"edgt-elements-holder-item-inner\">\n\t\t<div\n\t\t\tclass=\"edgt-elements-holder-item-content edgt-elements-holder-custom-647299\" >\n\t\t\t<div class=\"edgt-elements-holder-item-content-inner\">\n\t\t\t\t<div class=\"edgt-iwt clearfix edgt-iwt-icon-left edgt-iwt-icon-tiny edgt-iwt-loading-animation\"  data-loading-animation-delay=\"500\">\n            <a class=\"edgt-iwt-icon-link\" href=\"http:\/\/forum.callisto.gen.tr\/index.php?action=register\" target=\"_self\">\n        <div class=\"edgt-iwt-icon-holder\">\n\t\t\t\t\t<span\n\t\t\t\tclass=\"edgt-iwt-custom-icon\" ><img loading=\"lazy\" decoding=\"async\" width=\"146\" height=\"151\" src=\"https:\/\/callisto.gen.tr\/wp-content\/uploads\/2022\/08\/KAYITOL.bmp\" class=\"attachment-full size-full\" alt=\"\" \/><\/span>\n\t\t\t<\/div>\n            <\/a>\n    \t<div class=\"edgt-iwt-content-holder\" >\n\t\t\t<div class=\"edgt-iwt-text-holder\">\n        \n\t\t\t<\/div>\n<\/div>\n<\/div>[vc_column_text]<\/p>\n<p style=\"text-align: left;\"><span style=\"color: #808080;\"><strong>Foruma \u00fcye oldu\u011funuzda, oyuna da \u00fcye olursunuz.<\/strong><\/span><\/p>\n<p>[\/vc_column_text]\t\t\t<\/div>\n\t\t<\/div>\n\t<\/div>\n<\/div><\/div>[\/vc_column][vc_column width=&#8221;1\/4&#8243;]<div class=\"edgt-elements-holder edgt-responsive-mode-768\" ><div class=\"edgt-elements-holder-item edgt-width-1-1 edgt-vertical-alignment-middle edgt-horizontal-alignment-center\" data-item-class=\"edgt-elements-holder-custom-231306\" >\n\t<div class=\"edgt-elements-holder-item-inner\">\n\t\t<div\n\t\t\tclass=\"edgt-elements-holder-item-content edgt-elements-holder-custom-231306\" >\n\t\t\t<div class=\"edgt-elements-holder-item-content-inner\">\n\t\t\t\t<div class=\"edgt-iwt clearfix edgt-iwt-icon-left edgt-iwt-icon-tiny edgt-iwt-loading-animation\"  data-loading-animation-delay=\"650\">\n        <div class=\"edgt-iwt-icon-holder\">\n\t\t\t\t\t<span\n\t\t\t\tclass=\"edgt-iwt-custom-icon\" ><img loading=\"lazy\" decoding=\"async\" width=\"146\" height=\"151\" src=\"https:\/\/callisto.gen.tr\/wp-content\/uploads\/2022\/08\/CLIENT.bmp\" class=\"attachment-full size-full\" alt=\"\" \/><\/span>\n\t\t\t<\/div>\n    \t<div class=\"edgt-iwt-content-holder\" >\n\t\t\t<div class=\"edgt-iwt-text-holder\">\n        \n\t\t\t<\/div>\n<\/div>\n<\/div>[vc_column_text]<\/p>\n<p style=\"text-align: left;\"><span style=\"color: #808080;\"><strong>Oyuna ba\u011flanabilmeniz i\u00e7in gerekli dosyalar.<\/strong><\/span><\/p>\n<p>[\/vc_column_text]\t\t\t<\/div>\n\t\t<\/div>\n\t<\/div>\n<\/div><\/div>[\/vc_column][vc_column width=&#8221;1\/4&#8243;]<div class=\"edgt-elements-holder edgt-responsive-mode-768\" ><div class=\"edgt-elements-holder-item edgt-width-1-1 edgt-vertical-alignment-middle edgt-horizontal-alignment-center\" data-item-class=\"edgt-elements-holder-custom-999926\" >\n\t<div class=\"edgt-elements-holder-item-inner\">\n\t\t<div\n\t\t\tclass=\"edgt-elements-holder-item-content edgt-elements-holder-custom-999926\" >\n\t\t\t<div class=\"edgt-elements-holder-item-content-inner\">\n\t\t\t\t<div class=\"edgt-iwt clearfix edgt-iwt-icon-left edgt-iwt-icon-tiny edgt-iwt-loading-animation\"  data-loading-animation-delay=\"750\">\n        <div class=\"edgt-iwt-icon-holder\">\n\t\t\t\t\t<span\n\t\t\t\tclass=\"edgt-iwt-custom-icon\" ><img loading=\"lazy\" decoding=\"async\" width=\"146\" height=\"151\" src=\"https:\/\/callisto.gen.tr\/wp-content\/uploads\/2022\/08\/UOMLINDIR.bmp\" class=\"attachment-full size-full\" alt=\"\" \/><\/span>\n\t\t\t<\/div>\n    \t<div class=\"edgt-iwt-content-holder\" >\n\t\t\t<div class=\"edgt-iwt-text-holder\">\n        \n\t\t\t<\/div>\n<\/div>\n<\/div>[vc_column_text]<\/p>\n<p style=\"text-align: left;\"><span style=\"color: #808080;\"><strong>Ana Ultima Online oyununun ML tam s\u00fcr\u00fcm\u00fc (Ba\u011flant\u0131 program\u0131 bu dosyaya ihtiya\u00e7 duyar)<\/strong><\/span><\/p>\n<p>[\/vc_column_text]\t\t\t<\/div>\n\t\t<\/div>\n\t<\/div>\n<\/div><\/div>[\/vc_column][vc_column width=&#8221;1\/4&#8243;]<div class=\"edgt-elements-holder edgt-responsive-mode-768\" ><div class=\"edgt-elements-holder-item edgt-width-1-1 edgt-vertical-alignment-middle edgt-horizontal-alignment-center\" data-item-class=\"edgt-elements-holder-custom-226548\" >\n\t<div class=\"edgt-elements-holder-item-inner\">\n\t\t<div\n\t\t\tclass=\"edgt-elements-holder-item-content edgt-elements-holder-custom-226548\" >\n\t\t\t<div class=\"edgt-elements-holder-item-content-inner\">\n\t\t\t\t<div class=\"edgt-iwt clearfix edgt-iwt-icon-left edgt-iwt-icon-tiny edgt-iwt-loading-animation\"  data-loading-animation-delay=\"850\">\n        <div class=\"edgt-iwt-icon-holder\">\n\t\t\t\t\t<span\n\t\t\t\tclass=\"edgt-iwt-custom-icon\" ><img loading=\"lazy\" decoding=\"async\" width=\"146\" height=\"151\" src=\"https:\/\/callisto.gen.tr\/wp-content\/uploads\/2022\/08\/JUOM.bmp\" class=\"attachment-full size-full\" alt=\"\" \/><\/span>\n\t\t\t<\/div>\n    \t<div class=\"edgt-iwt-content-holder\" >\n\t\t\t<div class=\"edgt-iwt-text-holder\">\n        \n\t\t\t<\/div>\n<\/div>\n<\/div>[vc_column_text]<\/p>\n<p style=\"text-align: left;\"><span style=\"color: #808080;\"><strong>Oyun i\u00e7erisinde kullanabilece\u011finiz yard\u0131mc\u0131 programd\u0131r.<\/strong><\/span><\/p>\n<p>[\/vc_column_text]\t\t\t<\/div>\n\t\t<\/div>\n\t<\/div>\n<\/div><\/div>[\/vc_column][\/vc_row]<\/p>\n","protected":false},"excerpt":{"rendered":"<p>[vc_row css=&#8221;.vc_custom_1499678766934{padding-top: 132px !important;}&#8221;][vc_column width=&#8221;1\/4&#8243;][\/vc_column][vc_column width=&#8221;1\/4&#8243;][\/vc_column][vc_column width=&#8221;1\/4&#8243;][\/vc_column][vc_column width=&#8221;1\/4&#8243;][\/vc_column][\/vc_row]<\/p>\n","protected":false},"author":1,"featured_media":0,"parent":0,"menu_order":0,"comment_status":"closed","ping_status":"closed","template":"","meta":{"footnotes":""},"class_list":["post-15950","page","type-page","status-publish","hentry"],"aioseo_notices":[],"_links":{"self":[{"href":"https:\/\/callisto.gen.tr\/index.php\/wp-json\/wp\/v2\/pages\/15950","targetHints":{"allow":["GET"]}}],"collection":[{"href":"https:\/\/callisto.gen.tr\/index.php\/wp-json\/wp\/v2\/pages"}],"about":[{"href":"https:\/\/callisto.gen.tr\/index.php\/wp-json\/wp\/v2\/types\/page"}],"author":[{"embeddable":true,"href":"https:\/\/callisto.gen.tr\/index.php\/wp-json\/wp\/v2\/users\/1"}],"replies":[{"embeddable":true,"href":"https:\/\/callisto.gen.tr\/index.php\/wp-json\/wp\/v2\/comments?post=15950"}],"version-history":[{"count":31,"href":"https:\/\/callisto.gen.tr\/index.php\/wp-json\/wp\/v2\/pages\/15950\/revisions"}],"predecessor-version":[{"id":16466,"href":"https:\/\/callisto.gen.tr\/index.php\/wp-json\/wp\/v2\/pages\/15950\/revisions\/16466"}],"wp:attachment":[{"href":"https:\/\/callisto.gen.tr\/index.php\/wp-json\/wp\/v2\/media?parent=15950"}],"curies":[{"name":"wp","href":"https:\/\/api.w.org\/{rel}","templated":true}]}}