{"id":15673,"date":"2017-06-28T16:55:08","date_gmt":"2017-06-28T16:55:08","guid":{"rendered":"http:\/\/eldritch.edge-themes.com\/?page_id=15673"},"modified":"2022-09-04T11:26:22","modified_gmt":"2022-09-04T08:26:22","slug":"contact-us-2","status":"publish","type":"page","link":"https:\/\/callisto.gen.tr\/index.php\/contact-us-2\/","title":{"rendered":"Destek"},"content":{"rendered":"<p>[vc_row content_aligment=&#8221;center&#8221; css=&#8221;.vc_custom_1497950135262{padding-top: 60px !important;background-image: url(http:\/\/eldritch.edge-themes.com\/wp-content\/uploads\/2017\/06\/contact-us-image-1.jpg?id=526) !important;}&#8221;][vc_column]<div class=\"edgt-elements-holder edgt-responsive-mode-768\" ><div class=\"edgt-elements-holder-item edgt-width-1-1 edgt-vertical-alignment-middle edgt-horizontal-alignment-center\" data-item-class=\"edgt-elements-holder-custom-451164\" data-1024-1280=\"20px 25% 100px 25%\" data-768-1024=\"20px 20% 143px 20%\" data-600-768=\"20px 15% 143px 15%\" data-480-600=\"20px 6% 143px 6%\" data-480=\"20px 6% 143px 6%\" >\n\t<div class=\"edgt-elements-holder-item-inner\">\n\t\t<div\n\t\t\tclass=\"edgt-elements-holder-item-content edgt-elements-holder-custom-451164\" style=\"padding: 20px 33% 143px 33%\">\n\t\t\t<div class=\"edgt-elements-holder-item-content-inner\">\n\t\t\t\t[vc_column_text]<\/p>\n<h2><span style=\"color: #ffffff;\">Sorunun Nedir?<\/span><\/h2>\n<p>[\/vc_column_text][vc_empty_space height=&#8221;2px&#8221;][vc_single_image image=&#8221;539&#8243; img_size=&#8221;full&#8221; alignment=&#8221;center&#8221;][vc_empty_space height=&#8221;58px&#8221;]\n<div class=\"wpcf7 no-js\" id=\"wpcf7-f546-o1\" lang=\"en-US\" dir=\"ltr\" data-wpcf7-id=\"546\">\n<div class=\"screen-reader-response\"><p role=\"status\" aria-live=\"polite\" aria-atomic=\"true\"><\/p> <ul><\/ul><\/div>\n<form action=\"\/index.php\/wp-json\/wp\/v2\/pages\/15673#wpcf7-f546-o1\" method=\"post\" class=\"wpcf7-form init cf7_custom_style_4\" aria-label=\"Contact form\" novalidate=\"novalidate\" data-status=\"init\">\n<fieldset class=\"hidden-fields-container\"><input type=\"hidden\" name=\"_wpcf7\" value=\"546\" \/><input type=\"hidden\" name=\"_wpcf7_version\" value=\"6.1.2\" \/><input type=\"hidden\" name=\"_wpcf7_locale\" value=\"en_US\" \/><input type=\"hidden\" name=\"_wpcf7_unit_tag\" value=\"wpcf7-f546-o1\" \/><input type=\"hidden\" name=\"_wpcf7_container_post\" value=\"0\" \/><input type=\"hidden\" name=\"_wpcf7_posted_data_hash\" value=\"\" \/>\n<\/fieldset>\n<div class=\"edgt-cf7-50-50 \">\n\t<div class=\"edgt-cf7-col-right\">\n\t\t<p><span class=\"wpcf7-form-control-wrap\" data-name=\"your-name\"><input size=\"40\" maxlength=\"400\" class=\"wpcf7-form-control wpcf7-text wpcf7-validates-as-required\" aria-required=\"true\" aria-invalid=\"false\" placeholder=\"Ad Soyad\" value=\"\" type=\"text\" name=\"your-name\" \/><\/span>\n\t\t<\/p>\n\t<\/div>\n\t<div class=\"edgt-cf7-col-left\">\n\t\t<p><span class=\"wpcf7-form-control-wrap\" data-name=\"email-929\"><input size=\"40\" maxlength=\"400\" class=\"wpcf7-form-control wpcf7-email wpcf7-text wpcf7-validates-as-email\" aria-invalid=\"false\" placeholder=\"E-posta\" value=\"\" type=\"email\" name=\"email-929\" \/><\/span>\n\t\t<\/p>\n\t<\/div>\n<\/div>\n<div class=\"edgt-cf7-submit-fullwidth\">\n\t<p><span class=\"wpcf7-form-control-wrap\" data-name=\"your-subject\"><input size=\"40\" maxlength=\"400\" class=\"wpcf7-form-control wpcf7-text wpcf7-validates-as-required\" aria-required=\"true\" aria-invalid=\"false\" placeholder=\"Konu nedir ?\" value=\"\" type=\"text\" name=\"your-subject\" \/><\/span>\n\t<\/p>\n\t<div>\n\t\t<div>\n\t\t\t<p><span class=\"wpcf7-form-control-wrap\" data-name=\"your-message\"><textarea cols=\"40\" rows=\"6\" maxlength=\"2000\" class=\"wpcf7-form-control wpcf7-textarea\" aria-invalid=\"false\" placeholder=\"Sorununuzu a\u00e7\u0131k\u00e7a belirtiniz.\" name=\"your-message\"><\/textarea><\/span>\n\t\t\t<\/p>\n\t\t\t<div>\n\t\t\t\t<div class=\"edgt-cf7-submit-fullwidth\">\n\t\t\t\t\t<p><input class=\"wpcf7-form-control wpcf7-submit has-spinner\" type=\"submit\" value=\"G\u00f6nder\" \/>\n\t\t\t\t\t<\/p>\n\t\t\t\t\t<div>\n\t\t\t\t\t<\/div>\n\t\t\t\t<\/div>\n\t\t\t<\/div>\n\t\t<\/div>\n\t<\/div>\n<\/div><div class=\"wpcf7-response-output\" aria-hidden=\"true\"><\/div>\n<\/form>\n<\/div>\n\t\t\t<\/div>\n\t\t<\/div>\n\t<\/div>\n<\/div><\/div>[\/vc_column][\/vc_row]<\/p>\n","protected":false},"excerpt":{"rendered":"<p>[vc_row content_aligment=&#8221;center&#8221; css=&#8221;.vc_custom_1497950135262{padding-top: 60px !important;background-image: url(http:\/\/eldritch.edge-themes.com\/wp-content\/uploads\/2017\/06\/contact-us-image-1.jpg?id=526) !important;}&#8221;][vc_column][\/vc_column][\/vc_row]<\/p>\n","protected":false},"author":1,"featured_media":0,"parent":0,"menu_order":0,"comment_status":"closed","ping_status":"closed","template":"full-width.php","meta":{"footnotes":""},"class_list":["post-15673","page","type-page","status-publish","hentry"],"aioseo_notices":[],"_links":{"self":[{"href":"https:\/\/callisto.gen.tr\/index.php\/wp-json\/wp\/v2\/pages\/15673","targetHints":{"allow":["GET"]}}],"collection":[{"href":"https:\/\/callisto.gen.tr\/index.php\/wp-json\/wp\/v2\/pages"}],"about":[{"href":"https:\/\/callisto.gen.tr\/index.php\/wp-json\/wp\/v2\/types\/page"}],"author":[{"embeddable":true,"href":"https:\/\/callisto.gen.tr\/index.php\/wp-json\/wp\/v2\/users\/1"}],"replies":[{"embeddable":true,"href":"https:\/\/callisto.gen.tr\/index.php\/wp-json\/wp\/v2\/comments?post=15673"}],"version-history":[{"count":11,"href":"https:\/\/callisto.gen.tr\/index.php\/wp-json\/wp\/v2\/pages\/15673\/revisions"}],"predecessor-version":[{"id":16408,"href":"https:\/\/callisto.gen.tr\/index.php\/wp-json\/wp\/v2\/pages\/15673\/revisions\/16408"}],"wp:attachment":[{"href":"https:\/\/callisto.gen.tr\/index.php\/wp-json\/wp\/v2\/media?parent=15673"}],"curies":[{"name":"wp","href":"https:\/\/api.w.org\/{rel}","templated":true}]}}