{"id":14422,"date":"2016-08-11T12:49:34","date_gmt":"2016-08-11T12:49:34","guid":{"rendered":"http:\/\/affinity.mikado-themes.com\/?page_id=2522"},"modified":"2022-10-01T00:27:51","modified_gmt":"2022-09-30T21:27:51","slug":"sss","status":"publish","type":"page","link":"https:\/\/callisto.gen.tr\/index.php\/sss\/","title":{"rendered":"S\u0131k\u00e7a Sorulan Sorular"},"content":{"rendered":"<p>[vc_row content_width=&#8221;grid&#8221; css=&#8221;.vc_custom_1497271439789{padding-top: 70px !important;}&#8221;][vc_column width=&#8221;1\/2&#8243;]<div class=\"edgt-accordion-holder clearfix edgt-accordion edgt-initial default \">\n\t<h4 class=\"clearfix edgt-title-holder\">\n<span class=\"edgt-accordion-mark edgt-left-mark\">\n\t\t<span class=\"edgt-accordion-mark-icon\">\n\t\t\t<span class=\"icon_plus\"><\/span>\n\t\t\t<span class=\"icon_minus-06\"><\/span>\n\t\t<\/span>\n<\/span>\n<span class=\"edgt-tab-title\">\n\t\t<span class=\"edgt-tab-title-inner\">\n\t\tSunucu ne zaman a\u00e7\u0131lacak ?\t<\/span>\n<\/span>\n<\/h4>\n<div class=\"edgt-accordion-content\">\n\t<div class=\"edgt-accordion-content-inner\">\n\t\t[vc_column_text]Sunucu \u015fu an yap\u0131m a\u015famas\u0131ndad\u0131r. Kesin bir tarih belirtememekle birlikte 2023 y\u0131l\u0131 ilkbahar zamanlar\u0131 a\u00e7\u0131l\u0131\u015f\u0131n\u0131 yapmay\u0131 planlamaktay\u0131z.[\/vc_column_text]\n\t\t\t<\/div>\n<\/div>\n<h4 class=\"clearfix edgt-title-holder\">\n<span class=\"edgt-accordion-mark edgt-left-mark\">\n\t\t<span class=\"edgt-accordion-mark-icon\">\n\t\t\t<span class=\"icon_plus\"><\/span>\n\t\t\t<span class=\"icon_minus-06\"><\/span>\n\t\t<\/span>\n<\/span>\n<span class=\"edgt-tab-title\">\n\t\t<span class=\"edgt-tab-title-inner\">\n\t\tSunucu T\u00fcr\u00fc Nedir?\t<\/span>\n<\/span>\n<\/h4>\n<div class=\"edgt-accordion-content\">\n\t<div class=\"edgt-accordion-content-inner\">\n\t\t[vc_column_text]Callisto Mark sunucusu <strong>Rol Yapma (Role Play)<\/strong> t\u00fcrevinde, eme\u011fe dayal\u0131 ve geli\u015fmesi zor bir sunucu olacakt\u0131r.[\/vc_column_text]\n\t\t\t<\/div>\n<\/div>\n<h4 class=\"clearfix edgt-title-holder\">\n<span class=\"edgt-accordion-mark edgt-left-mark\">\n\t\t<span class=\"edgt-accordion-mark-icon\">\n\t\t\t<span class=\"icon_plus\"><\/span>\n\t\t\t<span class=\"icon_minus-06\"><\/span>\n\t\t<\/span>\n<\/span>\n<span class=\"edgt-tab-title\">\n\t\t<span class=\"edgt-tab-title-inner\">\n\t\tDonate&amp;Market sistemi olacak m\u0131?\t<\/span>\n<\/span>\n<\/h4>\n<div class=\"edgt-accordion-content\">\n\t<div class=\"edgt-accordion-content-inner\">\n\t\t[vc_column_text]Oyuncular aras\u0131nda g\u00fc\u00e7 ve g\u00f6rsel dengeleri bozmayacak t\u00fcrevde Market sistemi getirilebilir. Callisto Mark sunucusu hi\u00e7bir zaman bir oyuncuyu di\u011ferinden g\u00fc\u00e7l\u00fc k\u0131lacak sat\u0131\u015f yapmayacakt\u0131r.[\/vc_column_text]\n\t\t\t<\/div>\n<\/div>\n<h4 class=\"clearfix edgt-title-holder\">\n<span class=\"edgt-accordion-mark edgt-left-mark\">\n\t\t<span class=\"edgt-accordion-mark-icon\">\n\t\t\t<span class=\"icon_plus\"><\/span>\n\t\t\t<span class=\"icon_minus-06\"><\/span>\n\t\t<\/span>\n<\/span>\n<span class=\"edgt-tab-title\">\n\t\t<span class=\"edgt-tab-title-inner\">\n\t\tStat, Skill Cap ve PH Durumu Nas\u0131l Olacak?\t<\/span>\n<\/span>\n<\/h4>\n<div class=\"edgt-accordion-content\">\n\t<div class=\"edgt-accordion-content-inner\">\n\t\t[vc_column_text]Stat puanlar\u0131, gerekli testler uyguland\u0131ktan ve uygun g\u00f6r\u00fclmesi durumunda 30.000 puana kadar geli\u015ftirilebilir durumda olacakt\u0131r.<\/p>\n<p>Skill puanlar\u0131nda herhangi bir s\u0131n\u0131r bulunmamaktad\u0131r. Tek bir karaktere oyundaki t\u00fcm yetenekleri kasabiliyor olacaks\u0131n\u0131z.<\/p>\n<p>Sunucuda PH karakterinizin yetenek puan\u0131 toplam\u0131na g\u00f6re olacak. Yani karakterinizin yetenek puan\u0131 ne kadar y\u00fcksekse o kadar zor geli\u015fim sa\u011flayacaks\u0131n\u0131z. \u0130lk geli\u015ftirdi\u011finiz yetenekler olduk\u00e7a kolay geli\u015fecektir.[\/vc_column_text]\n\t\t\t<\/div>\n<\/div>\n<\/div>[vc_empty_space height=&#8221;100px&#8221;][\/vc_column][vc_column width=&#8221;1\/2&#8243;]<div class=\"edgt-accordion-holder clearfix edgt-accordion edgt-initial default \">\n\t<h4 class=\"clearfix edgt-title-holder\">\n<span class=\"edgt-accordion-mark edgt-left-mark\">\n\t\t<span class=\"edgt-accordion-mark-icon\">\n\t\t\t<span class=\"icon_plus\"><\/span>\n\t\t\t<span class=\"icon_minus-06\"><\/span>\n\t\t<\/span>\n<\/span>\n<span class=\"edgt-tab-title\">\n\t\t<span class=\"edgt-tab-title-inner\">\n\t\tYetkili al\u0131m\u0131 olacak m\u0131?\t<\/span>\n<\/span>\n<\/h4>\n<div class=\"edgt-accordion-content\">\n\t<div class=\"edgt-accordion-content-inner\">\n\t\t[vc_column_text]<strong>Callisto Mark<\/strong> sunucusu <strong>Jada<\/strong> ve <strong>VOR<\/strong> taraf\u0131ndan \u00f6zg\u00fcnce geli\u015ftirilen bir sunucudur. \u015eu an herhangi bir yetkili al\u0131m\u0131 olmayacakt\u0131r.[\/vc_column_text]\n\t\t\t<\/div>\n<\/div>\n<h4 class=\"clearfix edgt-title-holder\">\n<span class=\"edgt-accordion-mark edgt-left-mark\">\n\t\t<span class=\"edgt-accordion-mark-icon\">\n\t\t\t<span class=\"icon_plus\"><\/span>\n\t\t\t<span class=\"icon_minus-06\"><\/span>\n\t\t<\/span>\n<\/span>\n<span class=\"edgt-tab-title\">\n\t\t<span class=\"edgt-tab-title-inner\">\n\t\tCallisto Mark sunucusunu di\u011fer sunuculardan farkl\u0131 k\u0131lan nedir?\t<\/span>\n<\/span>\n<\/h4>\n<div class=\"edgt-accordion-content\">\n\t<div class=\"edgt-accordion-content-inner\">\n\t\t[vc_column_text]Sunucumuz en \u00f6nemli \u00f6zelli\u011fi eme\u011fe dayal\u0131 bir sistem ile kurulacak olmas\u0131d\u0131r. Karakterlerinizi g\u00fcvenle geli\u015ftirebilecek, oyun keyfiniz yar\u0131da kalmayaca\u011f\u0131n\u0131 bilerek oynayabileceksiniz. Ultima-Online T\u00fcrkiye sunucular\u0131nda \u00e7ok\u00e7a g\u00f6rd\u00fc\u011f\u00fcm\u00fcz standartlara ba\u011fl\u0131 bir sistem yerine, \u00f6zg\u00fcn ve yenilik\u00e7i yakla\u015f\u0131mla in\u015fa etti\u011fimiz Callisto&#8217;da, ger\u00e7ekli\u011fi oyuna yans\u0131tarak sizlere harika bir sim\u00fclasyon deneyimi ya\u015fatmay\u0131 arzuluyor olaca\u011f\u0131z. Y\u0131llara meydan okuyan Ultima-Online oyununu, g\u00fcn\u00fcm\u00fcz oyun deneyimine yak\u0131nla\u015ft\u0131rmak ve daha \u00f6nce Ultima deneyimi olmam\u0131\u015f oyunculara rahatl\u0131kla oyunu \u00f6\u011freterek, yeni bir Ultima ku\u015fa\u011f\u0131 kurmay\u0131 ama\u00e7l\u0131yoruz.[\/vc_column_text]\n\t\t\t<\/div>\n<\/div>\n<h4 class=\"clearfix edgt-title-holder\">\n<span class=\"edgt-accordion-mark edgt-left-mark\">\n\t\t<span class=\"edgt-accordion-mark-icon\">\n\t\t\t<span class=\"icon_plus\"><\/span>\n\t\t\t<span class=\"icon_minus-06\"><\/span>\n\t\t<\/span>\n<\/span>\n<span class=\"edgt-tab-title\">\n\t\t<span class=\"edgt-tab-title-inner\">\n\t\tCallisto&#039;nun ilk s\u00fcr\u00fcm\u00fcn\u00fc neden kapatt\u0131n\u0131z?\t<\/span>\n<\/span>\n<\/h4>\n<div class=\"edgt-accordion-content\">\n\t<div class=\"edgt-accordion-content-inner\">\n\t\t[vc_column_text]1 Ocak 2021 y\u0131l\u0131nda siz de\u011ferli oyuncular\u0131m\u0131za a\u00e7\u0131l\u0131\u015f\u0131n\u0131 yapt\u0131\u011f\u0131m\u0131z Callisto UO sunucusu yoluna &#8220;emek ve ger\u00e7eklik&#8221; mottosuyla \u00e7\u0131km\u0131\u015ft\u0131. Ancak zaman i\u00e7inde fikir ayr\u0131l\u0131klar\u0131 ya\u015fand\u0131 ve bir \u00e7ok fikir ortaya at\u0131ld\u0131. Oyuncu memnuniyetini, sunucu durumundan daha \u00f6ncelikli duruma getirmek, bizleri Callisto&#8217;yu yeniden ve s\u0131f\u0131rdan olu\u015fturma fikrine itti. Bizler t\u00fcm engellere ve kar\u015f\u0131 duru\u015flara ra\u011fmen her zaman burada olaca\u011f\u0131m\u0131z\u0131 bellirttik. \u0130\u015fte bu y\u00fczden yeniden ve daha g\u00fc\u00e7l\u00fc \u015fekilde sizlere Callisto Mark sunucusunu geli\u015ftiriyoruz.[\/vc_column_text]\n\t\t\t<\/div>\n<\/div>\n<h4 class=\"clearfix edgt-title-holder\">\n<span class=\"edgt-accordion-mark edgt-left-mark\">\n\t\t<span class=\"edgt-accordion-mark-icon\">\n\t\t\t<span class=\"icon_plus\"><\/span>\n\t\t\t<span class=\"icon_minus-06\"><\/span>\n\t\t<\/span>\n<\/span>\n<span class=\"edgt-tab-title\">\n\t\t<span class=\"edgt-tab-title-inner\">\n\t\tNeden s\u00fcrekli ``emek ve ger\u00e7eklik``ten bahsediyorsunuz?\t<\/span>\n<\/span>\n<\/h4>\n<div class=\"edgt-accordion-content\">\n\t<div class=\"edgt-accordion-content-inner\">\n\t\t[vc_column_text]Bizler hayat\u0131m\u0131z\u0131n b\u00fcy\u00fck b\u00f6l\u00fcm\u00fcn\u00fc Ultima-Online&#8217;a harcam\u0131\u015f ki\u015filer olarak, eme\u011fin ziyan olmas\u0131n\u0131n ne kadar k\u00f6t\u00fc bir his oldu\u011funu biliyoruz. Ultima-Online gibi her y\u00f6n\u00fc ile geli\u015ftirilebilen, her \u00e7a\u011f\u0131n oyunu olarak nitelendirdi\u011fimiz bu diyarda, verdi\u011fimiz ve verece\u011finiz eme\u011fin kar\u015f\u0131l\u0131\u011f\u0131n\u0131 tam olarak almak istiyoruz.<\/p>\n<p>Ger\u00e7eklik hakk\u0131nda, Ultima-Online&#8217;\u0131n kendi yarat\u0131l\u0131\u015f\u0131 zaten ger\u00e7ekli\u011fe \u00e7ok yak\u0131nd\u0131r. Asl\u0131nda oyunun bir MMORPG t\u00fcrevi yerine, bir sim\u00fclasyon oyunu oldu\u011funu fark\u0131na vard\u0131k ve bu y\u00fczden i\u00e7imizdeki orta\u00e7a\u011f a\u015fk\u0131n\u0131 deneyimlemenin en iyi yolunun ger\u00e7eklik oldu\u011funa karar verdik. Callisto Mark&#8217;\u0131 da buna uygun tasarlamaktay\u0131z.[\/vc_column_text]\n\t\t\t<\/div>\n<\/div>\n<\/div>[vc_empty_space height=&#8221;100px&#8221;][\/vc_column][\/vc_row]<\/p>\n","protected":false},"excerpt":{"rendered":"<p>[vc_row content_width=&#8221;grid&#8221; css=&#8221;.vc_custom_1497271439789{padding-top: 70px !important;}&#8221;][vc_column width=&#8221;1\/2&#8243;][vc_empty_space height=&#8221;100px&#8221;][\/vc_column][vc_column width=&#8221;1\/2&#8243;][vc_empty_space height=&#8221;100px&#8221;][\/vc_column][\/vc_row]<\/p>\n","protected":false},"author":1,"featured_media":0,"parent":0,"menu_order":0,"comment_status":"closed","ping_status":"closed","template":"full-width.php","meta":{"footnotes":""},"class_list":["post-14422","page","type-page","status-publish","hentry"],"aioseo_notices":[],"_links":{"self":[{"href":"https:\/\/callisto.gen.tr\/index.php\/wp-json\/wp\/v2\/pages\/14422","targetHints":{"allow":["GET"]}}],"collection":[{"href":"https:\/\/callisto.gen.tr\/index.php\/wp-json\/wp\/v2\/pages"}],"about":[{"href":"https:\/\/callisto.gen.tr\/index.php\/wp-json\/wp\/v2\/types\/page"}],"author":[{"embeddable":true,"href":"https:\/\/callisto.gen.tr\/index.php\/wp-json\/wp\/v2\/users\/1"}],"replies":[{"embeddable":true,"href":"https:\/\/callisto.gen.tr\/index.php\/wp-json\/wp\/v2\/comments?post=14422"}],"version-history":[{"count":32,"href":"https:\/\/callisto.gen.tr\/index.php\/wp-json\/wp\/v2\/pages\/14422\/revisions"}],"predecessor-version":[{"id":16497,"href":"https:\/\/callisto.gen.tr\/index.php\/wp-json\/wp\/v2\/pages\/14422\/revisions\/16497"}],"wp:attachment":[{"href":"https:\/\/callisto.gen.tr\/index.php\/wp-json\/wp\/v2\/media?parent=14422"}],"curies":[{"name":"wp","href":"https:\/\/api.w.org\/{rel}","templated":true}]}}